{"id":827,"date":"2020-04-09T17:56:18","date_gmt":"2020-04-09T15:56:18","guid":{"rendered":"https:\/\/www.gerold-jensen.de\/fragen\/"},"modified":"2025-03-20T14:20:10","modified_gmt":"2025-03-20T13:20:10","slug":"fragen","status":"publish","type":"page","link":"https:\/\/www.gerold-jensen.de\/da\/fragen\/","title":{"rendered":"Fragen"},"content":{"rendered":"<p><div class=\"fusion-fullwidth fullwidth-box fusion-builder-row-1 fusion-parallax-none nonhundred-percent-fullwidth non-hundred-percent-height-scrolling\" style=\"--awb-border-radius-top-left:0px;--awb-border-radius-top-right:0px;--awb-border-radius-bottom-right:0px;--awb-border-radius-bottom-left:0px;--awb-padding-top:200px;--awb-padding-bottom:25px;--awb-background-image:url(&quot;https:\/\/www.gerold-jensen.de\/wp-content\/uploads\/2020\/07\/sub_header.jpg&quot;);--awb-background-size:cover;--awb-flex-wrap:wrap;\" ><div class=\"fusion-builder-row fusion-row\"><div class=\"fusion-layout-column fusion_builder_column fusion-builder-column-0 fusion_builder_column_1_1 1_1 fusion-one-full fusion-column-first fusion-column-last\" style=\"--awb-bg-size:cover;--awb-margin-bottom:0px;\"><div class=\"fusion-column-wrapper fusion-column-has-shadow fusion-flex-column-wrapper-legacy\"><div class=\"fusion-title title fusion-title-1 fusion-sep-none fusion-title-text fusion-title-size-two\" style=\"--awb-text-color:#ffffff;\"><h2 class=\"fusion-title-heading title-heading-left\" style=\"margin:0;\">Sp\u00f8rgsm\u00e5l<\/h2><\/div><div class=\"fusion-clearfix\"><\/div><\/div><\/div><\/div><\/div><div class=\"fusion-fullwidth fullwidth-box fusion-builder-row-2 nonhundred-percent-fullwidth non-hundred-percent-height-scrolling\" style=\"--awb-border-radius-top-left:0px;--awb-border-radius-top-right:0px;--awb-border-radius-bottom-right:0px;--awb-border-radius-bottom-left:0px;--awb-padding-top:20px;--awb-margin-bottom:-2px;--awb-background-color:#e5e5e5;--awb-flex-wrap:wrap;\" ><div class=\"fusion-builder-row fusion-row\"><div class=\"fusion-layout-column fusion_builder_column fusion-builder-column-1 fusion_builder_column_1_2 1_2 fusion-one-half fusion-column-first\" style=\"--awb-bg-size:cover;--awb-margin-bottom:0px;width:50%;width:calc(50% - ( ( 4% + 4% ) * 0.5 ) );margin-right: 4%;\"><div class=\"fusion-column-wrapper fusion-column-has-shadow fusion-flex-column-wrapper-legacy\"><div class=\"fusion-text fusion-text-1\"><p><img decoding=\"async\" class=\"alignnone size-full wp-image-62\" style=\"vertical-align: middle; margin-right: 15px;\" src=\"https:\/\/www.gerold-jensen.de\/wp-content\/uploads\/2020\/04\/icon_01.png\" alt=\"\" width=\"29\" height=\"29\" srcset=\"https:\/\/www.gerold-jensen.de\/wp-content\/uploads\/2020\/04\/icon_01-66x66.png 66w, https:\/\/www.gerold-jensen.de\/wp-content\/uploads\/2020\/04\/icon_01.png 100w\" sizes=\"(max-width: 29px) 100vw, 29px\" \/> <span style=\"vertical-align: middle;\"><strong>Wrangelstrasse 22 i Flensborg<\/strong><\/span><\/p>\n<\/div><div class=\"fusion-clearfix\"><\/div><\/div><\/div><div class=\"fusion-layout-column fusion_builder_column fusion-builder-column-2 fusion_builder_column_1_4 1_4 fusion-one-fourth\" style=\"--awb-bg-size:cover;--awb-margin-bottom:0px;width:25%;width:calc(25% - ( ( 4% + 4% ) * 0.25 ) );margin-right: 4%;\"><div class=\"fusion-column-wrapper fusion-column-has-shadow fusion-flex-column-wrapper-legacy\"><div class=\"fusion-text fusion-text-2\"><p><img decoding=\"async\" class=\"alignnone size-full wp-image-64\" style=\"vertical-align: middle; margin-right: 15px;\" src=\"https:\/\/www.gerold-jensen.de\/wp-content\/uploads\/2020\/04\/icon_02.png\" alt=\"\" width=\"29\" height=\"29\" srcset=\"https:\/\/www.gerold-jensen.de\/wp-content\/uploads\/2020\/04\/icon_02-66x66.png 66w, https:\/\/www.gerold-jensen.de\/wp-content\/uploads\/2020\/04\/icon_02.png 100w\" sizes=\"(max-width: 29px) 100vw, 29px\" \/> <span style=\"vertical-align: middle;\"><a href=\"mailto:g-jensen@gerold-jensen.de\">g-jensen@gerold-jensen.de<\/a><\/span><\/p>\n<\/div><div class=\"fusion-clearfix\"><\/div><\/div><\/div><div class=\"fusion-layout-column fusion_builder_column fusion-builder-column-3 fusion_builder_column_1_4 1_4 fusion-one-fourth fusion-column-last\" style=\"--awb-bg-size:cover;--awb-margin-bottom:0px;width:25%;width:calc(25% - ( ( 4% + 4% ) * 0.25 ) );\"><div class=\"fusion-column-wrapper fusion-column-has-shadow fusion-flex-column-wrapper-legacy\"><div class=\"fusion-text fusion-text-3\"><p><img decoding=\"async\" class=\"alignnone size-full wp-image-65\" style=\"vertical-align: middle; margin-right: 15px;\" src=\"https:\/\/www.gerold-jensen.de\/wp-content\/uploads\/2020\/04\/icon_03.png\" alt=\"\" width=\"29\" height=\"29\" srcset=\"https:\/\/www.gerold-jensen.de\/wp-content\/uploads\/2020\/04\/icon_03-66x66.png 66w, https:\/\/www.gerold-jensen.de\/wp-content\/uploads\/2020\/04\/icon_03.png 100w\" sizes=\"(max-width: 29px) 100vw, 29px\" \/> <span style=\"vertical-align: middle;\"><a href=\"tel:+4946170719614\">+49 (0) 461 70 71 96 14<\/a><\/span><\/p>\n<\/div><div class=\"fusion-clearfix\"><\/div><\/div><\/div><\/div><\/div>\n<div class=\"fusion-fullwidth fullwidth-box fusion-builder-row-3 bg03 nonhundred-percent-fullwidth non-hundred-percent-height-scrolling\" style=\"--awb-border-radius-top-left:0px;--awb-border-radius-top-right:0px;--awb-border-radius-bottom-right:0px;--awb-border-radius-bottom-left:0px;--awb-margin-top:30px;--awb-margin-bottom:30px;--awb-flex-wrap:wrap;\" ><div class=\"fusion-builder-row fusion-row\"><div class=\"fusion-layout-column fusion_builder_column fusion-builder-column-4 fusion_builder_column_1_2 1_2 fusion-one-half fusion-column-first padding48401\" style=\"--awb-bg-size:cover;width:50%;width:calc(50% - ( ( 4% ) * 0.5 ) );margin-right: 4%;\"><div class=\"fusion-column-wrapper fusion-column-has-shadow fusion-flex-column-wrapper-legacy\"><div class=\"fusion-title title fusion-title-2 fusion-sep-none fusion-title-text fusion-title-size-three\"><h3 class=\"fusion-title-heading title-heading-left\" style=\"margin:0;\"><img decoding=\"async\" class=\"alignright size-full wp-image-168\" src=\"https:\/\/www.gerold-jensen.de\/wp-content\/uploads\/2020\/04\/sign.png\" alt=\"\" width=\"100\" height=\"auto\" srcset=\"https:\/\/www.gerold-jensen.de\/wp-content\/uploads\/2020\/04\/sign-200x173.png 200w, https:\/\/www.gerold-jensen.de\/wp-content\/uploads\/2020\/04\/sign.png 269w\" sizes=\"(max-width: 269px) 100vw, 269px\" \/>Sp\u00f8rgsm\u00e5l &amp; Svar<\/h3><\/div><div class=\"fusion-title title fusion-title-3 fusion-sep-none fusion-title-text fusion-title-size-four\" style=\"--awb-margin-bottom:40px;\"><h4 class=\"fusion-title-heading title-heading-left\" style=\"margin:0;\">Svar p\u00e5 ofte<br \/>\nstillede sp\u00f8rgsm\u00e5l<\/h4><\/div><div class=\"fusion-text fusion-text-4\"><p>Jeg besvarer ofte stillede sp\u00f8rgsm\u00e5l her i en forkortet form. For mere specifikke sp\u00f8rgsm\u00e5l, kontakt mig venligst direkte.<\/p>\n<\/div><div class=\"fusion-sep-clear\"><\/div><div class=\"fusion-separator fusion-no-small-visibility fusion-no-medium-visibility fusion-full-width-sep\" style=\"margin-left: auto;margin-right: auto;margin-top:30px;margin-bottom:48px;width:100%;max-width:100%;\"><div class=\"fusion-separator-border sep-single sep-solid\" style=\"--awb-height:20px;--awb-amount:20px;--awb-sep-color:#ffffff;border-color:#ffffff;border-top-width:1px;\"><\/div><\/div><div class=\"fusion-sep-clear\"><\/div><div class=\"fusion-title title fusion-title-4 fusion-sep-none fusion-title-text fusion-title-size-three\" style=\"--awb-text-color:#df694d;\"><h3 class=\"fusion-title-heading title-heading-left\" style=\"margin:0;\">Yderligere sp\u00f8rgsm\u00e5l<\/h3><\/div><div class=\"fusion-title title fusion-title-5 fusion-sep-none fusion-title-text fusion-title-size-four\" style=\"--awb-margin-bottom:22px;\"><h4 class=\"fusion-title-heading title-heading-left\" style=\"margin:0;\">Er der sp\u00f8rgsm\u00e5l, der ikke besvares her?<\/h4><\/div><div class=\"fusion-button-wrapper\"><a class=\"fusion-button button-flat fusion-button-default-size button-default fusion-button-default button-1 fusion-button-default-span fusion-button-default-type\" target=\"_self\" href=\"https:\/\/www.gerold-jensen.de\/da\/kontakt\/\"><span class=\"fusion-button-text\">Kontakt mig<\/span><\/a><\/div><div class=\"fusion-clearfix\"><\/div><\/div><\/div><div class=\"fusion-layout-column fusion_builder_column fusion-builder-column-5 fusion_builder_column_1_2 1_2 fusion-one-half fusion-column-last padding5755\" style=\"--awb-bg-size:cover;--awb-margin-bottom:0px;width:50%;width:calc(50% - ( ( 4% ) * 0.5 ) );\"><div class=\"fusion-column-wrapper fusion-column-has-shadow fusion-flex-column-wrapper-legacy\"><div class=\"accordian fusion-accordian\" style=\"--awb-border-size:1px;--awb-icon-size:16px;--awb-content-font-size:16px;--awb-icon-alignment:right;--awb-hover-color:#f9f9fb;--awb-border-color:#e2e2e2;--awb-background-color:#ffffff;--awb-divider-color:#e2e2e2;--awb-divider-hover-color:#e2e2e2;--awb-icon-color:#35414e;--awb-title-color:#35414e;--awb-content-color:#4a4e57;--awb-icon-box-color:#ffffff;--awb-toggle-hover-accent-color:#f4f4f4;--awb-title-font-family:&quot;Poppins&quot;;--awb-title-font-weight:500;--awb-title-font-style:normal;--awb-content-font-family:&quot;Poppins&quot;;--awb-content-font-style:normal;--awb-content-font-weight:300;\"><div class=\"panel-group fusion-toggle-icon-right fusion-toggle-icon-boxed\" id=\"accordion-827-1\"><div class=\"fusion-panel panel-default panel-c76ab607cdf3a6a87 fusion-toggle-has-divider\" style=\"--awb-title-color:#35414e;\"><div class=\"panel-heading\"><h4 class=\"panel-title toggle\" id=\"toggle_c76ab607cdf3a6a87\"><a aria-expanded=\"false\" aria-controls=\"c76ab607cdf3a6a87\" role=\"button\" data-toggle=\"collapse\" data-parent=\"#accordion-827-1\" data-target=\"#c76ab607cdf3a6a87\" href=\"#c76ab607cdf3a6a87\"><span class=\"fusion-toggle-icon-wrapper\" aria-hidden=\"true\"><i class=\"fa-fusion-box active-icon awb-icon-minus\" aria-hidden=\"true\"><\/i><i class=\"fa-fusion-box inactive-icon awb-icon-plus\" aria-hidden=\"true\"><\/i><\/span><span class=\"fusion-toggle-heading\">Hvad er taleterapi?<\/span><\/a><\/h4><\/div><div id=\"c76ab607cdf3a6a87\" class=\"panel-collapse collapse \" aria-labelledby=\"toggle_c76ab607cdf3a6a87\"><div class=\"panel-body toggle-content fusion-clearfix\">Logop\u00e6di er den medicinske disciplin, der besk\u00e6ftiger sig med sprog-, tale-, stemme-, synke- eller h\u00f8reneds\u00e6ttelser.<\/div><\/div><\/div><div class=\"fusion-panel panel-default panel-1758d1592a51378b5 fusion-toggle-has-divider\" style=\"--awb-title-color:#35414e;\"><div class=\"panel-heading\"><h4 class=\"panel-title toggle\" id=\"toggle_1758d1592a51378b5\"><a aria-expanded=\"false\" aria-controls=\"1758d1592a51378b5\" role=\"button\" data-toggle=\"collapse\" data-parent=\"#accordion-827-1\" data-target=\"#1758d1592a51378b5\" href=\"#1758d1592a51378b5\"><span class=\"fusion-toggle-icon-wrapper\" aria-hidden=\"true\"><i class=\"fa-fusion-box active-icon awb-icon-minus\" aria-hidden=\"true\"><\/i><i class=\"fa-fusion-box inactive-icon awb-icon-plus\" aria-hidden=\"true\"><\/i><\/span><span class=\"fusion-toggle-heading\">Har jeg brug for en l\u00e6ges recept?<\/span><\/a><\/h4><\/div><div id=\"1758d1592a51378b5\" class=\"panel-collapse collapse \" aria-labelledby=\"toggle_1758d1592a51378b5\"><div class=\"panel-body toggle-content fusion-clearfix\">Din l\u00e6ge vil give dig en recept efter diagnosen. Du kan ogs\u00e5 bruge mine tjenester som selvbetaler.<\/div><\/div><\/div><div class=\"fusion-panel panel-default panel-5d7dad3444acaa4f9 fusion-toggle-has-divider\" style=\"--awb-title-color:#35414e;\"><div class=\"panel-heading\"><h4 class=\"panel-title toggle\" id=\"toggle_5d7dad3444acaa4f9\"><a aria-expanded=\"false\" aria-controls=\"5d7dad3444acaa4f9\" role=\"button\" data-toggle=\"collapse\" data-parent=\"#accordion-827-1\" data-target=\"#5d7dad3444acaa4f9\" href=\"#5d7dad3444acaa4f9\"><span class=\"fusion-toggle-icon-wrapper\" aria-hidden=\"true\"><i class=\"fa-fusion-box active-icon awb-icon-minus\" aria-hidden=\"true\"><\/i><i class=\"fa-fusion-box inactive-icon awb-icon-plus\" aria-hidden=\"true\"><\/i><\/span><span class=\"fusion-toggle-heading\">Hvor ofte finder talep\u00e6dagogisk behandling sted?<\/span><\/a><\/h4><\/div><div id=\"5d7dad3444acaa4f9\" class=\"panel-collapse collapse \" aria-labelledby=\"toggle_5d7dad3444acaa4f9\"><div class=\"panel-body toggle-content fusion-clearfix\">Behandlingen foreg\u00e5r normalt over en periode p\u00e5 seks til ti uger. Afvigelser er mulige.<\/div><\/div><\/div><div class=\"fusion-panel panel-default panel-15bf11549aed175a8 fusion-toggle-has-divider\" style=\"--awb-title-color:#35414e;\"><div class=\"panel-heading\"><h4 class=\"panel-title toggle\" id=\"toggle_15bf11549aed175a8\"><a aria-expanded=\"false\" aria-controls=\"15bf11549aed175a8\" role=\"button\" data-toggle=\"collapse\" data-parent=\"#accordion-827-1\" data-target=\"#15bf11549aed175a8\" href=\"#15bf11549aed175a8\"><span class=\"fusion-toggle-icon-wrapper\" aria-hidden=\"true\"><i class=\"fa-fusion-box active-icon awb-icon-minus\" aria-hidden=\"true\"><\/i><i class=\"fa-fusion-box inactive-icon awb-icon-plus\" aria-hidden=\"true\"><\/i><\/span><span class=\"fusion-toggle-heading\">Hvor l\u00e6nge varer en talep\u00e6dagogisk session?<\/span><\/a><\/h4><\/div><div id=\"15bf11549aed175a8\" class=\"panel-collapse collapse \" aria-labelledby=\"toggle_15bf11549aed175a8\"><div class=\"panel-body toggle-content fusion-clearfix\">Sessioner varierer fra 30 til 90 minutter. Dette afh\u00e6nger af behandlingsformen.<\/div><\/div><\/div><div class=\"fusion-panel panel-default panel-98fdd6aca44ae1637 fusion-toggle-has-divider\" style=\"--awb-title-color:#35414e;\"><div class=\"panel-heading\"><h4 class=\"panel-title toggle\" id=\"toggle_98fdd6aca44ae1637\"><a aria-expanded=\"false\" aria-controls=\"98fdd6aca44ae1637\" role=\"button\" data-toggle=\"collapse\" data-parent=\"#accordion-827-1\" data-target=\"#98fdd6aca44ae1637\" href=\"#98fdd6aca44ae1637\"><span class=\"fusion-toggle-icon-wrapper\" aria-hidden=\"true\"><i class=\"fa-fusion-box active-icon awb-icon-minus\" aria-hidden=\"true\"><\/i><i class=\"fa-fusion-box inactive-icon awb-icon-plus\" aria-hidden=\"true\"><\/i><\/span><span class=\"fusion-toggle-heading\">Hvordan kan jeg lave en aftale?<\/span><\/a><\/h4><\/div><div id=\"98fdd6aca44ae1637\" class=\"panel-collapse collapse \" aria-labelledby=\"toggle_98fdd6aca44ae1637\"><div class=\"panel-body toggle-content fusion-clearfix\">Brug venligst min til dette <a href=\"https:\/\/www.gerold-jensen.de\/da\/kontakt\/\">Kontaktformular<\/a> eller ring til mig.<\/div><\/div><\/div><\/div><\/div><div class=\"fusion-clearfix\"><\/div><\/div><\/div><\/div><\/div><div class=\"fusion-fullwidth fullwidth-box fusion-builder-row-4 hundred-percent-fullwidth non-hundred-percent-height-scrolling\" style=\"--awb-border-radius-top-left:0px;--awb-border-radius-top-right:0px;--awb-border-radius-bottom-right:0px;--awb-border-radius-bottom-left:0px;--awb-padding-right:0px;--awb-padding-left:0px;--awb-margin-bottom:10px;--awb-flex-wrap:wrap;\" ><div class=\"fusion-builder-row fusion-row\"><div class=\"fusion-layout-column fusion_builder_column fusion-builder-column-6 fusion_builder_column_1_2 1_2 fusion-one-half fusion-column-first\" style=\"--awb-bg-size:cover;width:50%;width:calc(50% - ( ( 0% ) * 0.5 ) );margin-right: 0%;\"><div class=\"fusion-column-wrapper fusion-column-has-shadow fusion-flex-column-wrapper-legacy\"><div class=\"fusion-text fusion-text-5\"><p style=\"margin-bottom: 0px;\"><img decoding=\"async\" class=\"aligncenter size-full wp-image-454\" src=\"https:\/\/www.gerold-jensen.de\/wp-content\/uploads\/2020\/07\/fragen_01.jpg\" alt=\"\" width=\"960\" height=\"415\" srcset=\"https:\/\/www.gerold-jensen.de\/wp-content\/uploads\/2020\/07\/fragen_01-200x86.jpg 200w, https:\/\/www.gerold-jensen.de\/wp-content\/uploads\/2020\/07\/fragen_01-300x130.jpg 300w, https:\/\/www.gerold-jensen.de\/wp-content\/uploads\/2020\/07\/fragen_01-400x173.jpg 400w, https:\/\/www.gerold-jensen.de\/wp-content\/uploads\/2020\/07\/fragen_01-600x259.jpg 600w, https:\/\/www.gerold-jensen.de\/wp-content\/uploads\/2020\/07\/fragen_01-768x332.jpg 768w, https:\/\/www.gerold-jensen.de\/wp-content\/uploads\/2020\/07\/fragen_01-800x346.jpg 800w, https:\/\/www.gerold-jensen.de\/wp-content\/uploads\/2020\/07\/fragen_01.jpg 960w\" sizes=\"(max-width: 960px) 100vw, 960px\" \/><\/p>\n<\/div><div class=\"fusion-clearfix\"><\/div><\/div><\/div><div class=\"fusion-layout-column fusion_builder_column fusion-builder-column-7 fusion_builder_column_1_2 1_2 fusion-one-half fusion-column-last\" style=\"--awb-bg-size:cover;--awb-margin-bottom:13px;width:50%;width:calc(50% - ( ( 0% ) * 0.5 ) );\"><div class=\"fusion-column-wrapper fusion-column-has-shadow fusion-flex-column-wrapper-legacy\"><div class=\"fusion-text fusion-text-6\"><p style=\"margin-bottom: 0px;\"><img decoding=\"async\" class=\"aligncenter size-full wp-image-456\" src=\"https:\/\/www.gerold-jensen.de\/wp-content\/uploads\/2020\/07\/fragen_02.jpg\" alt=\"\" width=\"960\" height=\"415\" srcset=\"https:\/\/www.gerold-jensen.de\/wp-content\/uploads\/2020\/07\/fragen_02-200x86.jpg 200w, https:\/\/www.gerold-jensen.de\/wp-content\/uploads\/2020\/07\/fragen_02-300x130.jpg 300w, https:\/\/www.gerold-jensen.de\/wp-content\/uploads\/2020\/07\/fragen_02-400x173.jpg 400w, https:\/\/www.gerold-jensen.de\/wp-content\/uploads\/2020\/07\/fragen_02-600x259.jpg 600w, https:\/\/www.gerold-jensen.de\/wp-content\/uploads\/2020\/07\/fragen_02-768x332.jpg 768w, https:\/\/www.gerold-jensen.de\/wp-content\/uploads\/2020\/07\/fragen_02-800x346.jpg 800w, https:\/\/www.gerold-jensen.de\/wp-content\/uploads\/2020\/07\/fragen_02.jpg 960w\" sizes=\"(max-width: 960px) 100vw, 960px\" \/><\/p>\n<\/div><div class=\"fusion-clearfix\"><\/div><\/div><\/div><\/div><\/div><\/p>\n","protected":false},"excerpt":{"rendered":"","protected":false},"author":1,"featured_media":0,"parent":0,"menu_order":0,"comment_status":"closed","ping_status":"closed","template":"100-width.php","meta":{"footnotes":""},"class_list":["post-827","page","type-page","status-publish","hentry"],"_links":{"self":[{"href":"https:\/\/www.gerold-jensen.de\/da\/wp-json\/wp\/v2\/pages\/827","targetHints":{"allow":["GET"]}}],"collection":[{"href":"https:\/\/www.gerold-jensen.de\/da\/wp-json\/wp\/v2\/pages"}],"about":[{"href":"https:\/\/www.gerold-jensen.de\/da\/wp-json\/wp\/v2\/types\/page"}],"author":[{"embeddable":true,"href":"https:\/\/www.gerold-jensen.de\/da\/wp-json\/wp\/v2\/users\/1"}],"replies":[{"embeddable":true,"href":"https:\/\/www.gerold-jensen.de\/da\/wp-json\/wp\/v2\/comments?post=827"}],"version-history":[{"count":5,"href":"https:\/\/www.gerold-jensen.de\/da\/wp-json\/wp\/v2\/pages\/827\/revisions"}],"predecessor-version":[{"id":835,"href":"https:\/\/www.gerold-jensen.de\/da\/wp-json\/wp\/v2\/pages\/827\/revisions\/835"}],"wp:attachment":[{"href":"https:\/\/www.gerold-jensen.de\/da\/wp-json\/wp\/v2\/media?parent=827"}],"curies":[{"name":"wp","href":"https:\/\/api.w.org\/{rel}","templated":true}]}}